{"id":28,"date":"2025-10-08T08:05:14","date_gmt":"2025-10-08T08:05:14","guid":{"rendered":"https:\/\/cool-proskuriakova.104-248-40-33.plesk.page\/?page_id=28"},"modified":"2025-12-09T11:21:11","modified_gmt":"2025-12-09T11:21:11","slug":"servizi","status":"publish","type":"page","link":"https:\/\/cool-proskuriakova.104-248-40-33.plesk.page\/index.php\/servizi\/","title":{"rendered":"Servizi"},"content":{"rendered":"\t\t<div data-elementor-type=\"wp-page\" data-elementor-id=\"28\" class=\"elementor elementor-28\" data-elementor-post-type=\"page\">\n\t\t\t\t<div class=\"elementor-element elementor-element-f0fb0d1 e-flex e-con-boxed e-con e-parent\" data-id=\"f0fb0d1\" data-element_type=\"container\" data-settings=\"{&quot;background_background&quot;:&quot;classic&quot;}\">\n\t\t\t\t\t<div class=\"e-con-inner\">\n\t\t\t\t<div class=\"elementor-element elementor-element-f9fe2ab elementor-widget__width-inherit elementor-widget elementor-widget-heading\" data-id=\"f9fe2ab\" data-element_type=\"widget\" data-widget_type=\"heading.default\">\n\t\t\t\t\t<h2 class=\"elementor-heading-title elementor-size-default\">Servizi<\/h2>\t\t\t\t<\/div>\n\t\t\t\t\t<\/div>\n\t\t\t\t<\/div>\n\t\t<div class=\"elementor-element elementor-element-cc80da1 e-flex e-con-boxed e-con e-parent\" data-id=\"cc80da1\" data-element_type=\"container\">\n\t\t\t\t\t<div class=\"e-con-inner\">\n\t\t\t\t<div class=\"elementor-element elementor-element-434fd1e elementor-widget elementor-widget-heading\" data-id=\"434fd1e\" data-element_type=\"widget\" data-widget_type=\"heading.default\">\n\t\t\t\t\t<h2 class=\"elementor-heading-title elementor-size-default\">Dalla progettazione all'autorizzazione sanitaria<\/h2>\t\t\t\t<\/div>\n\t\t\t\t<div class=\"elementor-element elementor-element-a9baa64 elementor-widget__width-initial elementor-widget-mobile__width-inherit elementor-widget elementor-widget-text-editor\" data-id=\"a9baa64\" data-element_type=\"widget\" data-widget_type=\"text-editor.default\">\n\t\t\t\t\t\t\t\t\t<p>Un servizio completo che accompagna il tuo progetto in ogni fase: dalla prima idea alla struttura operativa e autorizzata. Gestiamo internamente progettazione architettonica e impiantistica, pratiche autorizzative presso Comune e ATS, direzione lavori e realizzazione delle opere. Un unico interlocutore che coordina tutte le attivit\u00e0, garantendo continuit\u00e0, qualit\u00e0 e rispetto dei tempi. Che si tratti di un ambulatorio monospecialistico, un poliambulatorio o un day surgery, seguiamo il progetto fino alla consegna chiavi in mano.<\/p>\t\t\t\t\t\t\t\t<\/div>\n\t\t\t\t<div class=\"elementor-element elementor-element-0b8517c elementor-align-center elementor-widget elementor-widget-button\" data-id=\"0b8517c\" data-element_type=\"widget\" data-widget_type=\"button.default\">\n\t\t\t\t\t\t\t\t\t\t<a class=\"elementor-button elementor-button-link elementor-size-sm\" href=\"https:\/\/cool-proskuriakova.104-248-40-33.plesk.page\/#Modulo1\">\n\t\t\t\t\t\t<span class=\"elementor-button-content-wrapper\">\n\t\t\t\t\t\t<span class=\"elementor-button-icon\">\n\t\t\t\t<svg aria-hidden=\"true\" class=\"e-font-icon-svg e-fas-arrow-right\" viewBox=\"0 0 448 512\" xmlns=\"http:\/\/www.w3.org\/2000\/svg\"><path d=\"M190.5 66.9l22.2-22.2c9.4-9.4 24.6-9.4 33.9 0L441 239c9.4 9.4 9.4 24.6 0 33.9L246.6 467.3c-9.4 9.4-24.6 9.4-33.9 0l-22.2-22.2c-9.5-9.5-9.3-25 .4-34.3L311.4 296H24c-13.3 0-24-10.7-24-24v-32c0-13.3 10.7-24 24-24h287.4L190.9 101.2c-9.8-9.3-10-24.8-.4-34.3z\"><\/path><\/svg>\t\t\t<\/span>\n\t\t\t\t\t\t\t\t\t<span class=\"elementor-button-text\">Inizia subito!<\/span>\n\t\t\t\t\t<\/span>\n\t\t\t\t\t<\/a>\n\t\t\t\t\t\t\t\t<\/div>\n\t\t\t\t\t<\/div>\n\t\t\t\t<\/div>\n\t\t<div class=\"elementor-element elementor-element-e0a8436 e-con-full e-flex e-con e-parent\" data-id=\"e0a8436\" data-element_type=\"container\" data-settings=\"{&quot;background_background&quot;:&quot;classic&quot;}\">\n\t\t<div class=\"elementor-element elementor-element-661c614 e-con-full e-flex e-con e-child\" data-id=\"661c614\" data-element_type=\"container\">\n\t\t\t\t<div class=\"elementor-element elementor-element-b3777f3 elementor-widget elementor-widget-heading\" data-id=\"b3777f3\" data-element_type=\"widget\" data-widget_type=\"heading.default\">\n\t\t\t\t\t<h2 class=\"elementor-heading-title elementor-size-default\">Progettazione<\/h2>\t\t\t\t<\/div>\n\t\t\t\t<div class=\"elementor-element elementor-element-0551e7a elementor-widget elementor-widget-text-editor\" data-id=\"0551e7a\" data-element_type=\"widget\" data-widget_type=\"text-editor.default\">\n\t\t\t\t\t\t\t\t\t<p class=\"whitespace-normal break-words\">Progettiamo ambienti sanitari su misura, ottimizzando ogni spazio per garantire funzionalit\u00e0, sicurezza e comfort. Le nostre soluzioni rispondono alle esigenze di medici e operatori, offrendo un&#8217;esperienza accogliente per i pazienti. Dall&#8217;ascolto delle esigenze derivano proposte progettuali capaci di personalizzare gli spazi e risolvere problematiche logistiche, nel pieno rispetto della normativa vigente. Progettiamo reception e sale d&#8217;attesa che uniscono estetica e funzionalit\u00e0, sale operative odontoiatriche ergonomiche con attenzione ai parametri antropometrici, e sale operative polispecialistiche con soluzioni all&#8217;avanguardia pensate per adattarsi alle diverse discipline mediche.<\/p>\t\t\t\t\t\t\t\t<\/div>\n\t\t\t\t<\/div>\n\t\t<div class=\"elementor-element elementor-element-9b55473 e-con-full e-flex e-con e-child\" data-id=\"9b55473\" data-element_type=\"container\" data-settings=\"{&quot;background_background&quot;:&quot;classic&quot;}\">\n\t\t\t\t<\/div>\n\t\t\t\t<\/div>\n\t\t<div class=\"elementor-element elementor-element-8943bf6 e-con-full e-flex e-con e-parent\" data-id=\"8943bf6\" data-element_type=\"container\" data-settings=\"{&quot;background_background&quot;:&quot;classic&quot;}\">\n\t\t<div class=\"elementor-element elementor-element-8a05d1b e-con-full e-flex e-con e-child\" data-id=\"8a05d1b\" data-element_type=\"container\" data-settings=\"{&quot;background_background&quot;:&quot;classic&quot;}\">\n\t\t\t\t<\/div>\n\t\t<div class=\"elementor-element elementor-element-e08f6d0 e-con-full e-flex e-con e-child\" data-id=\"e08f6d0\" data-element_type=\"container\">\n\t\t\t\t<div class=\"elementor-element elementor-element-043f24d elementor-widget elementor-widget-heading\" data-id=\"043f24d\" data-element_type=\"widget\" data-widget_type=\"heading.default\">\n\t\t\t\t\t<h2 class=\"elementor-heading-title elementor-size-default\">Gestione pratiche<\/h2>\t\t\t\t<\/div>\n\t\t\t\t<div class=\"elementor-element elementor-element-55b1f56 elementor-widget elementor-widget-text-editor\" data-id=\"55b1f56\" data-element_type=\"widget\" data-widget_type=\"text-editor.default\">\n\t\t\t\t\t\t\t\t\t<p>Ci occupiamo della gestione completa delle pratiche necessarie per l&#8217;apertura, l&#8217;ampliamento o la trasformazione delle strutture sanitarie. Forniamo consulenze mirate per affrontare tutte le problematiche, inclusa la scelta dei locali e le pratiche autorizzative. Il nostro servizio comprende il coordinamento di tutte le fasi burocratiche fino all&#8217;ottenimento dell&#8217;Autorizzazione Sanitaria, sollevando il cliente dalle complessit\u00e0 amministrative. Grazie alla nostra esperienza dal 1979, affrontiamo qualsiasi sfida progettuale risolvendo anche le problematiche logistiche pi\u00f9 complesse.<\/p>\t\t\t\t\t\t\t\t<\/div>\n\t\t\t\t<\/div>\n\t\t\t\t<\/div>\n\t\t<div class=\"elementor-element elementor-element-816d7cf e-con-full e-flex e-con e-parent\" data-id=\"816d7cf\" data-element_type=\"container\" data-settings=\"{&quot;background_background&quot;:&quot;classic&quot;}\">\n\t\t<div class=\"elementor-element elementor-element-c0839c9 e-con-full e-flex e-con e-child\" data-id=\"c0839c9\" data-element_type=\"container\">\n\t\t\t\t<div class=\"elementor-element elementor-element-8d84479 elementor-widget elementor-widget-heading\" data-id=\"8d84479\" data-element_type=\"widget\" data-widget_type=\"heading.default\">\n\t\t\t\t\t<h2 class=\"elementor-heading-title elementor-size-default\">Soluzioni chiavi in mano<\/h2>\t\t\t\t<\/div>\n\t\t\t\t<div class=\"elementor-element elementor-element-c48e831 elementor-widget elementor-widget-text-editor\" data-id=\"c48e831\" data-element_type=\"widget\" data-widget_type=\"text-editor.default\">\n\t\t\t\t\t\t\t\t\t<p>Offriamo soluzioni &#8220;chiavi in mano&#8221; che comprendono ogni fase: dalla progettazione alla realizzazione di opere e arredi, fino all&#8217;Autorizzazione Sanitaria. Questo approccio garantisce un servizio completo, ottimizzando tempi e costi attraverso la gestione integrata. Realizziamo ambulatori, poliambulatori e day surgery coordinando ogni aspetto. Il nostro team di professionisti e maestranze qualificati garantisce rispetto dei tempi e dei costi previsti, con pianificazione efficiente e consegne puntuali. Con oltre 40 anni di esperienza, seguiamo il vostro progetto passo per passo.<\/p>\t\t\t\t\t\t\t\t<\/div>\n\t\t\t\t<\/div>\n\t\t<div class=\"elementor-element elementor-element-52f1863 e-con-full e-flex e-con e-child\" data-id=\"52f1863\" data-element_type=\"container\" data-settings=\"{&quot;background_background&quot;:&quot;classic&quot;}\">\n\t\t\t\t<\/div>\n\t\t\t\t<\/div>\n\t\t<div class=\"elementor-element elementor-element-ab32d7a e-con-full e-flex e-con e-parent\" data-id=\"ab32d7a\" data-element_type=\"container\" data-settings=\"{&quot;background_background&quot;:&quot;classic&quot;}\">\n\t\t<div class=\"elementor-element elementor-element-c9d7ccf e-con-full e-flex e-con e-child\" data-id=\"c9d7ccf\" data-element_type=\"container\" data-settings=\"{&quot;background_background&quot;:&quot;classic&quot;}\">\n\t\t\t\t<\/div>\n\t\t<div class=\"elementor-element elementor-element-9000e5e e-con-full e-flex e-con e-child\" data-id=\"9000e5e\" data-element_type=\"container\">\n\t\t\t\t<div class=\"elementor-element elementor-element-b52d09d elementor-widget elementor-widget-heading\" data-id=\"b52d09d\" data-element_type=\"widget\" data-widget_type=\"heading.default\">\n\t\t\t\t\t<h2 class=\"elementor-heading-title elementor-size-default\">Consulenza specifica<\/h2>\t\t\t\t<\/div>\n\t\t\t\t<div class=\"elementor-element elementor-element-f077bda elementor-widget elementor-widget-text-editor\" data-id=\"f077bda\" data-element_type=\"widget\" data-widget_type=\"text-editor.default\">\n\t\t\t\t\t\t\t\t\t<p>Forniamo consulenze mirate per affrontare le problematiche legate alla progettazione e realizzazione di ambulatori, poliambulatori e day surgery. Il servizio comprende supporto nella scelta dei locali, valutazione delle problematiche logistiche e indicazioni sulle pratiche per apertura, ampliamento o trasformazione. Grazie alla nostra esperienza dal 1979, affrontiamo qualsiasi sfida progettuale con soluzioni personalizzate che coniugano funzionalit\u00e0, ergonomia ed estetica. La consulenza pu\u00f2 essere richiesta come servizio singolo o integrata nel percorso di realizzazione completa.<\/p>\t\t\t\t\t\t\t\t<\/div>\n\t\t\t\t<\/div>\n\t\t\t\t<\/div>\n\t\t<div class=\"elementor-element elementor-element-30cf641 e-flex e-con-boxed e-con e-parent\" data-id=\"30cf641\" data-element_type=\"container\" data-settings=\"{&quot;background_background&quot;:&quot;classic&quot;}\">\n\t\t\t\t\t<div class=\"e-con-inner\">\n\t\t\t\t<div class=\"elementor-element elementor-element-5c6d2e3 elementor-widget elementor-widget-heading\" data-id=\"5c6d2e3\" data-element_type=\"widget\" data-widget_type=\"heading.default\">\n\t\t\t\t\t<h2 class=\"elementor-heading-title elementor-size-default\">Iniziamo a costruire il tuo progetto<\/h2>\t\t\t\t<\/div>\n\t\t\t\t<div class=\"elementor-element elementor-element-5af7ea6 elementor-widget elementor-widget-text-editor\" data-id=\"5af7ea6\" data-element_type=\"widget\" data-widget_type=\"text-editor.default\">\n\t\t\t\t\t\t\t\t\t<p>Contattaci per una prima consulenza gratuita.<\/p><p>Valuteremo insieme la fattibilit\u00e0 del tuo progetto e ti forniremo una proposta personalizzata.<\/p>\t\t\t\t\t\t\t\t<\/div>\n\t\t\t\t<div class=\"elementor-element elementor-element-f93703f elementor-align-center elementor-widget elementor-widget-button\" data-id=\"f93703f\" data-element_type=\"widget\" data-widget_type=\"button.default\">\n\t\t\t\t\t\t\t\t\t\t<a class=\"elementor-button elementor-button-link elementor-size-sm\" href=\"https:\/\/cool-proskuriakova.104-248-40-33.plesk.page\/#Modulo1\">\n\t\t\t\t\t\t<span class=\"elementor-button-content-wrapper\">\n\t\t\t\t\t\t<span class=\"elementor-button-icon\">\n\t\t\t\t<svg aria-hidden=\"true\" class=\"e-font-icon-svg e-fas-arrow-right\" viewBox=\"0 0 448 512\" xmlns=\"http:\/\/www.w3.org\/2000\/svg\"><path d=\"M190.5 66.9l22.2-22.2c9.4-9.4 24.6-9.4 33.9 0L441 239c9.4 9.4 9.4 24.6 0 33.9L246.6 467.3c-9.4 9.4-24.6 9.4-33.9 0l-22.2-22.2c-9.5-9.5-9.3-25 .4-34.3L311.4 296H24c-13.3 0-24-10.7-24-24v-32c0-13.3 10.7-24 24-24h287.4L190.9 101.2c-9.8-9.3-10-24.8-.4-34.3z\"><\/path><\/svg>\t\t\t<\/span>\n\t\t\t\t\t\t\t\t\t<span class=\"elementor-button-text\">Inizia subito!<\/span>\n\t\t\t\t\t<\/span>\n\t\t\t\t\t<\/a>\n\t\t\t\t\t\t\t\t<\/div>\n\t\t\t\t\t<\/div>\n\t\t\t\t<\/div>\n\t\t\t\t<\/div>\n\t\t","protected":false},"excerpt":{"rendered":"<p>Servizi Dalla progettazione all&#8217;autorizzazione sanitaria Un servizio completo che accompagna il tuo progetto in ogni fase: dalla prima idea alla struttura operativa e autorizzata. Gestiamo internamente progettazione architettonica e impiantistica, pratiche autorizzative presso Comune e ATS, direzione lavori e realizzazione delle opere. Un unico interlocutore che coordina tutte le attivit\u00e0, garantendo continuit\u00e0, qualit\u00e0 e rispetto [&hellip;]<\/p>\n","protected":false},"author":1,"featured_media":0,"parent":0,"menu_order":0,"comment_status":"closed","ping_status":"closed","template":"elementor_header_footer","meta":{"footnotes":""},"class_list":["post-28","page","type-page","status-publish","hentry","entry"],"_links":{"self":[{"href":"https:\/\/cool-proskuriakova.104-248-40-33.plesk.page\/index.php\/wp-json\/wp\/v2\/pages\/28","targetHints":{"allow":["GET"]}}],"collection":[{"href":"https:\/\/cool-proskuriakova.104-248-40-33.plesk.page\/index.php\/wp-json\/wp\/v2\/pages"}],"about":[{"href":"https:\/\/cool-proskuriakova.104-248-40-33.plesk.page\/index.php\/wp-json\/wp\/v2\/types\/page"}],"author":[{"embeddable":true,"href":"https:\/\/cool-proskuriakova.104-248-40-33.plesk.page\/index.php\/wp-json\/wp\/v2\/users\/1"}],"replies":[{"embeddable":true,"href":"https:\/\/cool-proskuriakova.104-248-40-33.plesk.page\/index.php\/wp-json\/wp\/v2\/comments?post=28"}],"version-history":[{"count":19,"href":"https:\/\/cool-proskuriakova.104-248-40-33.plesk.page\/index.php\/wp-json\/wp\/v2\/pages\/28\/revisions"}],"predecessor-version":[{"id":250,"href":"https:\/\/cool-proskuriakova.104-248-40-33.plesk.page\/index.php\/wp-json\/wp\/v2\/pages\/28\/revisions\/250"}],"wp:attachment":[{"href":"https:\/\/cool-proskuriakova.104-248-40-33.plesk.page\/index.php\/wp-json\/wp\/v2\/media?parent=28"}],"curies":[{"name":"wp","href":"https:\/\/api.w.org\/{rel}","templated":true}]}}